{"id":3066,"date":"2019-03-04T09:42:40","date_gmt":"2019-03-04T09:42:40","guid":{"rendered":"https:\/\/www.chiquilin.com\/legal\/"},"modified":"2019-03-04T09:42:41","modified_gmt":"2019-03-04T09:42:41","slug":"legal","status":"publish","type":"page","link":"https:\/\/www.chiquilin.com\/en\/legal\/","title":{"rendered":"legal"},"content":{"rendered":"<section class=\"section swatch-white  section-text-no-shadow section-inner-no-shadow section-normal section-opaque\"  data-label=\"\">\n    \n    <div class=\"background-overlay grid-overlay-0 \" style=\"background-color: rgba(0,0,0,0);\"><\/div>\n\n    <div class=\"container\">\n        <div class=\"row vertical-top\">\n            <div class=\"col-md-12     text-default small-screen-default\"  ><header class=\"text-left  element-medium-top element-short-bottom not-condensed\" data-os-animation=\"none\" data-os-animation-delay=\"0s\" >\n    <h1 class=\"normal regular no-bordered-header bordered-normal\" >\n        Aviso legal    <\/h1>\n    <\/header>\n<\/div>        <\/div>\n    <\/div>\n<\/section>\n<section class=\"section swatch-white  section-text-no-shadow section-inner-no-shadow section-normal section-opaque\"  data-label=\"\">\n    \n    <div class=\"background-overlay grid-overlay-0 \" style=\"background-color: rgba(0,0,0,0);\"><\/div>\n\n    <div class=\"container\">\n        <div class=\"row vertical-top\">\n            <div class=\"col-md-12     text-default small-screen-default\"  ><div class=\"txt_small line_med element-short-top element-short-bottom\" data-os-animation=\"none\" data-os-animation-delay=\"0s\">\n    <p>La informaci\u00f3n suministrada a trav\u00e9s de esta web est\u00e1 basada en nuestra experiencia pr\u00e1ctica y pruebas de laboratorio. El consumidor, antes de usar cualquier producto debe cerciorarse de sus caracter\u00edsticas y comprobar la informaci\u00f3n m\u00e1s detallada que aparece en los envases.<\/p>\n<p><strong>Pre\u00e1mbulo:<\/strong><\/p>\n<p>Al utilizar este sitio, usted acepta los t\u00e9rminos de uso. Si no est\u00e1 de acuerdo, no debe utilizar este sitio. La informaci\u00f3n personal que adquiera LUIS PENALVA, SL cuando usted consulte el sitio se procesar\u00e1 s\u00f3lo de acuerdo con las directrices establecidas en la Pol\u00edtica de Privacidad e indicadas a continuaci\u00f3n, as\u00ed como las leyes relativas a la privacidad.<br \/>\nTitularidad del Web site<\/p>\n<p>El presente Aviso Legal regula el uso del sitio Web de LUIS PENALVA, SL, al que se accede mediante la direcci\u00f3n https:\/\/www.chiquilin.com\/ y http:\/\/www.chiquilinespecias.com\/. La direcci\u00f3n de contacto es info@chiquilinespecias.com o bien a trav\u00e9s del tel\u00e9fono +34965600292 http:\/\/www.chiquilinespecias.com se crea con la finalidad de informar a los usuarios y clientes de nuestros servicios.<\/p>\n<p>&nbsp;<\/p>\n<h3><strong>Pol\u00edtica de privacidad y de protecci\u00f3n de datos<\/strong><\/h3>\n<p>&nbsp;<\/p>\n<p>En cumplimiento de la Ley Org\u00e1nica 15\/1999 de 13 de diciembre, de Protecci\u00f3n de Datos de Car\u00e1cter Personal, se informa al usuario, art\u00edculo 5 de dicha Ley, que los datos introducidos en los formularios de contacto se almacenar\u00e1n en ficheros automatizados, propiedad de \u201cLUIS PENALVA, SL\u201d, a los cuales se les dar\u00e1 el tratamiento estipulado por la Ley Org\u00e1nica de Protecci\u00f3n de Datos.<\/p>\n<p>La finalidad para la cual est\u00e1n destinados los formularios de contacto facilitados a lo largo del site, es la posterior puesta en contacto de la entidad con los usuarios que han realizado alg\u00fan tipo de consulta por medio de los mismos o para la relaci\u00f3n comercial y\/o publicitaria de nuestra empresa.<\/p>\n<p>\u201cLUIS PENALVA, SL\u201d es responsable de los ficheros y se compromete a no destinar los datos a una finalidad distinta para la cual fueron recogidos ni a ceder a los mismos de forma ileg\u00edtima a terceros. Tambi\u00e9n se compromete a tratar sus datos confidencialmente y a aplicar las medidas de \u00edndole t\u00e9cnica, organizativa y de seguridad necesarias para evitar su tratamiento o acceso no autorizado seg\u00fan establece la normativa vigente en materia de protecci\u00f3n de datos.<\/p>\n<p>La cumplimentaci\u00f3n de los formularios por parte de los usuarios supone que los mismos prestan su consentimiento expreso a la recogida de sus datos por parte de \u201d LUIS PENALVA, SL \u201c, y se dan por informados, sabiendo que sus datos ser\u00e1n almacenados en los ficheros propiedad de la misma.<br \/>\nLos titulares de los datos tienen el derecho de acceso, rectificaci\u00f3n, cancelaci\u00f3n y oposici\u00f3n de sus datos. Para ejercitar estos derechos, los titulares de los datos pueden dirigir una petici\u00f3n a la direcci\u00f3n de contacto info@chiquilinespecias.com.<\/p>\n<p>Los usuarios responder\u00e1n en cualquier caso, de la veracidad de los datos facilitados, reserv\u00e1ndose la Entidad el derecho a excluir de los servicios registrados a todo usuario que haya facilitado datos falsos o err\u00f3neos, sin perjuicio de las dem\u00e1s acciones que procedan en Derecho.<\/p>\n<p>La presente Pol\u00edtica de Privacidad puede ser modificada atendiendo escrupulosamente tanto a posibles cambios legislativos que se produzcan, como a las directrices emanadas de la Agencia Espa\u00f1ola de Protecci\u00f3n de Datos.<\/p>\n<p><strong>Limitaci\u00f3n de Responsabilidad y garant\u00edas<\/strong><\/p>\n<p>El site http:\/\/www.chiquilinespecias.com se centra en la promoci\u00f3n y presentaci\u00f3n de las las actividades, servicios, noticias eventos, etc. relacionados con \u201cLUIS PENALVA, SL \u201c.<br \/>\n\u201cLUIS PENALVA, SL \u201d garantiza la veracidad, la calidad, seguridad y legalidad de lo promocionado en la Web.<br \/>\n\u201cLUIS PENALVA, SL \u201d se compromete a respetar la veracidad de los datos, salvo error tipogr\u00e1fico, adecu\u00e1ndolos a la LSSICE y las Leyes Contractuales Vigentes.<\/p>\n<p><strong>Propiedad Intelectual e Industrial<\/strong><\/p>\n<p>El Site y los contenidos que alberga http:\/\/www.chiquilinespecias.com est\u00e1n protegidos por la legislaci\u00f3n vigente en materia de propiedad intelectual. Se proh\u00edbe expresamente la copia, modificaci\u00f3n, reproducci\u00f3n, descarga, transmisi\u00f3n, distribuci\u00f3n o transformaci\u00f3n de los contenidos de la p\u00e1gina, sin la previa autorizaci\u00f3n del titular de los correspondientes derechos o se encuentre legalmente permitido. El acceso al site no presupone la adquisici\u00f3n por parte de los usuarios de derecho de propiedad sobre los contenidos que figuran en el mismo.<\/p>\n<p><strong>Responsabilidad por el funcionamiento de la p\u00e1gina<\/strong><\/p>\n<p>\u201cLUIS PENALVA, SL \u201d podr\u00e1, cuando lo considere conveniente, realizar correcciones, mejoras o modificaciones en la informaci\u00f3n contenida en la p\u00e1gina sin que ello de lugar, ni derecho a ninguna reclamaci\u00f3n o indemnizaci\u00f3n, ni implique reconocimiento de responsabilidad alguna.<br \/>\n\u201cLUIS PENALVA, SL \u201d no se hace responsable por los da\u00f1os y perjuicios de cualquier naturaleza que se pudieran derivar de la disponibilidad y continuidad t\u00e9cnica del funcionamiento de la p\u00e1gina.<\/p>\n<p><strong>Informaci\u00f3n importante para residentes en los Estados Unidos:<\/strong><\/p>\n<p>Este sitio web y la informaci\u00f3n contenida en el mismo no es relevante para personas que accedan al mismo desde el territorio de los Estados Unidos de Am\u00e9rica o que sean ciudadanos o residentes en los Estados Unidos. Se ruega a dichas personas que se pongan en contacto con el sitio web http:\/\/www.chiquilinespecias.com Rogamos disculpen las molestias o inconveniente que podamos causar.<\/p>\n<p>&nbsp;<\/p>\n<h3>Pol\u00edtica de secreto de las informaciones<\/h3>\n<p>&nbsp;<\/p>\n<p><strong>1.General<\/strong><\/p>\n<p>LUIS PENALVA, SL respeta la privacidad de todos los individuos que visitan nuestro sitio web. Esta pol\u00edtica de secreto de las informaciones define la informaci\u00f3n que Productos Chiquilin recoge y de qu\u00e9 modo utilizar dicha informaci\u00f3n. Esta declaraci\u00f3n tambi\u00e9n le informar\u00e1 sobre c\u00f3mo verificar la exactitud de su informaci\u00f3n personal transmitida a Productos Chiquilin a trav\u00e9s de este sitio web y c\u00f3mo puede pedirnos que cancelemos su informaci\u00f3n personal de nuestras bases de datos.<\/p>\n<p><strong>2. Informaci\u00f3n personal<\/strong><\/p>\n<p>Cuando usted visite nuestro sitio web, no recogeremos ninguna informaci\u00f3n personal sobre usted (como su nombre, direcci\u00f3n, n\u00famero de tel\u00e9fono, n\u00famero de seguridad social, informaci\u00f3n relativa a facturaci\u00f3n y env\u00edo, informaci\u00f3n sobre su carta de cr\u00e9dito o direcci\u00f3n de e-mail) a menos que usted las proporcione voluntariamente. Utilizando nuestro sitio web, usted se compromete a aceptar los t\u00e9rminos de nuestra actual pol\u00edtica de secreto de las informaciones tal como se explica en esta \u00e1rea del sitio. Si usted no acepta los t\u00e9rminos de esta pol\u00edtica, le rogamos que no suministre ninguna informaci\u00f3n personal a este sitio. Si usted elige no suministrar informaci\u00f3n personal a este sitio, es posible que no pueda hacer ciertas cosas, como acceder a ciertas \u00e1reas de este sitio, o enviarnos e-mail.<\/p>\n<p><strong>3. Utilizaci\u00f3n de informaci\u00f3n personal<\/strong><\/p>\n<p>Cuando usted nos suministre voluntariamente informaci\u00f3n personal, nos est\u00e1 autorizando para utilizar dicha informaci\u00f3n de acuerdo con los t\u00e9rminos de esta pol\u00edtica de secreto de las informaciones. Productos Chiquilin y\/o sus filiales pueden guardar y procesar su informaci\u00f3n personal para entender mejor sus necesidades y el modo en el que podemos mejorar nuestros productos y servicios, y podemos utilizar su informaci\u00f3n personal para ponernos en contacto con usted (por ejemplo, podemos enviarles materiales de marketing o promoci\u00f3n u otra informaci\u00f3n, podemos responder a sus comentarios o solicitudes de informaci\u00f3n, o ponernos en contacto con usted si es necesario en el curso de procesamiento o el env\u00edo de su pedido de productos o servicios ofrecidos a trav\u00e9s de nuestros sitios web). Tambi\u00e9n podemos ampliar o mezclar informaci\u00f3n personal con datos obtenidos de terceros para los mismos prop\u00f3sitos. Productos Chiquilin no entregar\u00e1 ni ceder\u00e1 su informaci\u00f3n personal a ninguna organizaci\u00f3n exterior para el propio uso de dicha organizaci\u00f3n sin su consentimiento. Su informaci\u00f3n puede ser compartida con agentes o contratistas de Productos Chiquilin con relaci\u00f3n a servicios que estos individuos o entidades realizan para Productos Chiquilin. Finalmente, tenga en cuenta que entregaremos su informaci\u00f3n personal si se nos requiere legalmente, o bajo orden de b\u00fasqueda, notificaci\u00f3n u orden judicial.<\/p>\n<p><strong>4. Seguridad<\/strong><\/p>\n<p>LUIS PENALVA, SL. se compromete a mantener secretos los datos que usted nos suministra y tomar\u00e1 precauciones razonables para proteger su informaci\u00f3n personal de p\u00e9rdidas, malos usos o alteraciones. Agentes o contratistas de LUIS PENALVA, SL. que tengan acceso a su informaci\u00f3n personal en relaci\u00f3n con servicios prestados a LUIS PENALVA, SL. estar\u00e1n obligados a mantener la informaci\u00f3n confidencial y no tendr\u00e1n permiso para utilizar esta informaci\u00f3n para cualquier otro prop\u00f3sito que no sea desempe\u00f1ar los servicios que est\u00e1n realizando para LUIS PENALVA, SL.<br \/>\n5. Ni\u00f1os<\/p>\n<p>LUIS PENALVA, SL. no tiene ninguna intenci\u00f3n de recoger informaci\u00f3n personal de individuos de menos de 18 a\u00f1os de edad, y los usuarios de menos de 18 no deber\u00edan mandarnos ninguna informaci\u00f3n personal. En caso apropiado, LUIS PENALVA, SL. dar\u00e1 instrucciones espec\u00edficas a los ni\u00f1os para que no manden dicha informaci\u00f3n a nuestros sitios web o anuncios. Si un ni\u00f1o nos suministra informaci\u00f3n personal, el padre o tutor de este ni\u00f1o debe ponerse en contacto con nosotros a trav\u00e9s de nuestra direcci\u00f3n de correo electr\u00f3nico o direcci\u00f3n detallada en la Secci\u00f3n 7 de esta pol\u00edtica de privacidad si desea que cancelemos dicha informaci\u00f3n de nuestros registros. Dedicaremos todos los esfuerzos razonables a nuestro alcance a fin de cancelar la informaci\u00f3n del ni\u00f1o de nuestras bases de datos.<\/p>\n<p><strong>6. Informaci\u00f3n no personal recogida autom\u00e1ticamente.<\/strong><\/p>\n<p>En algunos casos podemos recoger informaci\u00f3n sobre usted que no sea informaci\u00f3n personal. Ejemplos de este tipo de informaci\u00f3n incluyen el tipo de navegador de Internet o el sistema operativo utilizado por usted, y el nombre de dominio del sitio web desde el cual ha llegado a nuestro sitio o anuncio. Adem\u00e1s, cuando usted ve una de nuestras p\u00e1ginas web o anuncios, podemos almacenar alguna informaci\u00f3n en su ordenador. Esta informaci\u00f3n ser\u00e1 en forma de \u201ccookie\u201d o archivo parecido y nos ayudar\u00e1 en muchos modos. Por ejemplo, los cookies nos permiten perfilar un sitio web o anuncio para adaptarnos mejor a sus intereses y preferencias. La mayor parte de navegadores de Internet le permiten borrar los cookies del disco duro de su ordenador, bloquear todos los cookies o recibir un aviso antes de guardar un cookie. Por favor, consulte las instrucciones de su navegador o la pantalla de ayuda para saber m\u00e1s sobre el funcionamiento de dichas funciones. LUIS PENALVA, SL. no recoge autom\u00e1ticamente la informaci\u00f3n personal, pero podemos unir informaci\u00f3n recogida autom\u00e1ticamente a su informaci\u00f3n no-personal enviada anteriormente.<\/p>\n<p><strong>7. P\u00f3ngase en contacto con nosotros respecto a su informaci\u00f3n personal.<\/strong><\/p>\n<p>Si usted ha enviado informaci\u00f3n personal a trav\u00e9s de un sitio web www.chiquilin.com., o si alguien ha enviado su informaci\u00f3n personal a trav\u00e9s de un sitio web www.chiquilin.com, y usted desea que se cancele dicha informaci\u00f3n de nuestras bases de datos comerciales, p\u00f3ngase en contacto con nosotros a trav\u00e9s del e-mail. Entonces dedicaremos esfuerzos razonables para cancelar su informaci\u00f3n personal de nuestros archivos. Tambi\u00e9n puede ponerse en contacto con nosotros por cualquiera de los m\u00e9todos mencionados para solicitar la informaci\u00f3n personal que LUIS PENALVA, SL. ha recogido sobre usted a trav\u00e9s de nuestros sitios web. LUIS PENALVA, SL. dedicar\u00e1 esfuerzos razonables para suministrarle dicha informaci\u00f3n y corregir inexactitudes objetivas en dicha informaci\u00f3n.<\/p>\n<p>&nbsp;<\/p>\n<h3>Protecci\u00f3n de Datos<\/h3>\n<p>&nbsp;<\/p>\n<p>De conformidad con lo establecido en la Ley Org\u00e1nica 15\/1999, de 13 de diciembre, de Protecci\u00f3n de Datos de car\u00e1cter personal y dando cumplimiento al deber de informaci\u00f3n, ponemos en conocimiento del usuario que sus datos personales facilitados en el momento de alta en http:\/\/www.chiquilinespecias.com, ser\u00e1n incorporados al fichero automatizado titularidad de LUIS PENALVA, SL. que se encuentra debidamente inscrito en la Agencia de Protecci\u00f3n de Datos. Se solicitar\u00e1n al usuario los datos personales imprescindibles para la prestaci\u00f3n de los servicios interesados, siendo dichos datos los relativos a: Nombre, Apellidos, Empresa, Cargo, Direcci\u00f3n, C\u00f3digo Postal, Provincia, Pa\u00eds, Tel\u00e9fono, E-mail, Usuario y Password. Durante el proceso de alta el usuario ser\u00e1 informado del car\u00e1cter obligatorio de la informaci\u00f3n personal solicitada para la prestaci\u00f3n de los servicios.<\/p>\n<p>La finalidad de la recogida de los datos personales es la de mantener y gestionar la relaci\u00f3n contractual entablada con el usuario. Igualmente, el tratamiento de los datos personales se llevara a cabo por parte de LUIS PENALVA, SL. con finalidades informativas, por lo que el usuario presta su consentimiento para que Productos LUIS PENALVA, SL pueda hacer uso de sus datos de navegaci\u00f3n por Internet a fin de remitirle informaci\u00f3n personalizada sobre sus productos o servicios. Los datos de navegaci\u00f3n del usuario ser\u00e1n controlados por cookies. Un cookie es un conjunto de datos que un servidor Web env\u00eda a su navegador con informaci\u00f3n sobre la utilizaci\u00f3n que se ha hecho de las p\u00e1ginas del servidor, almacen\u00e1ndose esta informaci\u00f3n en un fichero en el directorio del usuario para ser utilizada en una pr\u00f3xima visita a dicho servidor. Si el usuario no est\u00e1 conforme con que sus datos de navegaci\u00f3n por Internet sean controlados por cookies con las finalidades antes indicadas, podr\u00e1 no aceptar el cookie, entendi\u00e9ndose que en caso de aceptaci\u00f3n estar\u00e1 consintiendo expresamente para que LUIS PENALVA, SL. lleve a cabo tal control y, en consecuencia, pueda enviarle informaci\u00f3n sobre sus productos o servicios.<\/p>\n<p>De acuerdo con la Ley de Servicios de la Sociedad de la Informaci\u00f3n y de Comercio Electr\u00f3nico, al registrarse en la p\u00e1gina http:\/\/www.chiquilinespecias.com usted autoriza el env\u00edo de nuestra informaci\u00f3n comercial por correo electr\u00f3nico o a trav\u00e9s de otros medios electr\u00f3nicos.<\/p>\n<p>Los datos personales del usuario que se recaban en el momento de alta podr\u00e1n ser comunicados a terceras empresas, todo ello con la finalidad de que dichas empresas puedan enviar sus ofertas publicitarias.<\/p>\n<p><strong>1.T\u00e9rminos de utilizaci\u00f3n Propiedad y funcionamiento<\/strong><\/p>\n<p>Este sitio web pertenece y est\u00e1 controlado por LUIS PENALVA, SL.. La utilizaci\u00f3n por su parte de este sitio web implica su acuerdo con LUIS PENALVA, SL., de actuar conforme a estos t\u00e9rminos de uso (en lo sucesivo indicados como los \u201cT\u00e9rminos\u201d) y de regirse seg\u00fan los mismos.<\/p>\n<p><strong>2. Enlaces<\/strong><\/p>\n<p>Para su conveniencia y disfrute, este sitio puede contener enlaces a sitios que no son de LUIS PENALVA, SL.. Le rogamos que tenga presente que los contenidos de dichos sitios no pueden ser totalmente controlados por LUIS PENALVA, SL.. Adem\u00e1s, cuando LUIS PENALVA, SL. le proporciona un enlace con un sitio que no es de LUIS PENALVA, SL., se sobreentiende que LUIS PENALVA, SL. no ser\u00e1 responsable en ning\u00fan modo del contenido de dicho sitio web, o de las consecuencias de su uso del mismo. En caso de que usted decida encargar bienes o servicios a trav\u00e9s de dichos sitios web, le advertimos que LUIS PENALVA, SL. no est\u00e1 implicada en dichas transacciones y que no ser\u00e1 responsable en ning\u00fan modo ante usted o ante ninguna tercera parte que pudiera aparecer eventualmente.<\/p>\n<p><strong>3. Inexistencia de garant\u00eda<\/strong><\/p>\n<p>LUIS PENALVA, SL. no garantiza la precisi\u00f3n de ninguna informaci\u00f3n contenida en este sitio y rechaza expresamente cualquier obligaci\u00f3n de actualizar dicha informaci\u00f3n. Adem\u00e1s, LUIS PENALVA, SL. no asume ninguna responsabilidad legal por cualquier error y omisi\u00f3n en el contenido de este sitio. Todos los contenidos de este sitio se suministran \u201ccomo son\u201d y \u201ctal como est\u00e1n disponibles\u201d.<\/p>\n<p><strong>4. Perjuicios<\/strong><\/p>\n<p>Al utilizar el sitio web de LUIS PENALVA, SL., a partir de este momento usted acepta las siguientes condiciones:<\/p>\n<ul>\n<li>LUIS PENALVA, SL. solo ser\u00e1 responsable de acuerdo con las disposiciones legales por perjuicios causados y acreditados en caso de negligencia grave y voluntaria denunciada por usted como resultado de su utilizaci\u00f3n de este sitio, a condici\u00f3n, sin embargo, de que en caso de que usted sea un comerciante, y el perjuicio est\u00e9 causado por negligencia grave, la responsabilidad de LUIS PENALVA, SL. se limitar\u00e1 a aquellos da\u00f1os y a aquel volumen de da\u00f1os razonablemente previsibles en el momento en que usted utilice el sitio web.<\/li>\n<li>LUIS PENALVA, SL. s\u00f3lo ser\u00e1 responsable seg\u00fan las disposiciones legales por da\u00f1os causados por infracciones de obligaciones contractuales materiales (si existen), con la condici\u00f3n, sin embargo, de que en este caso la responsabilidad legal se limitar\u00e1 a aquellos da\u00f1os y aquel volumen de da\u00f1os razonablemente previsibles en el momento en el que usted utilice el sitio.<\/li>\n<li>En todos los casos restantes, la responsabilidad de LUIS PENALVA, SL., incluyendo la responsabilidad extra contractual, queda exclu\u00edda.<\/li>\n<li>La responsabilidad legal de LUIS PENALVA, SL. en virtud de la ley de responsabilidad del producto no se ver\u00e1 afectada. Lo dicho se aplicar\u00e1 a da\u00f1os personales y sobre la calidad (si existen) con garant\u00eda expl\u00edcita.<\/li>\n<li>En la medida en que quedan exluidas demandas por da\u00f1os y perjuicios contra LUIS PENALVA, SL., lo mismo se aplicar\u00e1 a demandas por da\u00f1os y perjuicios contra las filiales y divisiones de LUIS PENALVA, SL. y a directivos y dirigentes de LUIS PENALVA, SL., propietarios, empleados y agentes.<\/li>\n<li>En caso de que este sitio web de LUIS PENALVA, SL. le permita comprar un producto o servicio LUIS PENALVA, SL., se aplicar\u00e1n los t\u00e9rminos y condiciones de dicha transacci\u00f3n legal. Le rogamos que consulte dichos t\u00e9rminos antes de realizar ninguna transacci\u00f3n.<\/li>\n<\/ul>\n<p><strong>5. Declaraci\u00f3n de car\u00e1cter prospectivo<\/strong><\/p>\n<p>Este sitio web contiene declaraciones de car\u00e1cter prospectivo, basadas en las creencias de la Direcci\u00f3n de LUIS PENALVA, SL.. Cuando se utilicen en \u00e9ste sitio palabras como \u201cesperar\u201d, \u201ctener la intenci\u00f3n\u201d, \u201ccreer\u201d, \u201cestimar\u201d, \u201canticipar\u201d, \u201cplanear\u201d y \u201cproyectar\u201d se hace con car\u00e1cter prospectivo. Dichas declaraciones reflejan las opiniones de LUIS PENALVA, SL. a la fecha respecto a eventos futuros, y est\u00e1n sujetas a riesgos e incertidumbres. Muchos factores podr\u00edan hacer que los resultados reales fuesen materialmente distintos de los proyectados aqu\u00ed, incluyendo, entre otros, cambios en las condiciones generales econ\u00f3micas y comerciales, cambios en los tipo de cambio de la moneda y en los tipos de inter\u00e9s, introducci\u00f3n de productos competidores, falta de aceptaci\u00f3n de nuevos productos o servicios y cambios en la estrategia comercial. LUIS PENALVA, SL. niega cualquier intenci\u00f3n u obligaci\u00f3n de actualizar estas declaraciones prospectivas.<\/p>\n<p><strong>6. Propiedad intelectual<\/strong><\/p>\n<p>Le rogamos que tenga en cuenta que la pol\u00edtica de LUIS PENALVA, SL. es la de proteger sus derechos sobre la propiedad intelectual hasta donde la ley lo permita, incluyendo la reclamaci\u00f3n de sanciones penales. Las marcas registradas, logotipos y marcas de servicios (colectivamente, las \u201cMarcas registradas\u201d) que aparecen en este sitio son marcas registradas y no registradas propiedad o con licencia de LUIS PENALVA, SL. o sus compa\u00f1\u00edas filiales. Nada en este sitio deber\u00e1 interpretarse en el sentido de una concesi\u00f3n, impl\u00edcita o no, de una licencia o derecho sobre la propiedad intelectual sin el consentimiento expreso por escrito de LUIS PENALVA, SL.. Adem\u00e1s, cualquier reproducci\u00f3n, retransmisi\u00f3n, modificaci\u00f3n o utilizaci\u00f3n de los contenidos de este sitio para prop\u00f3sitos que no sean personales o comerciales, requiere el consentimiento por escrito de LUIS PENALVA, SL., y la siguiente informaci\u00f3n de copyright debe aparecer en cada copia de los contenidos de este sitio o porci\u00f3n de los mismo: Copyright\u00a9 2010 LUIS PENALVA, SL.. Reservados todos los derechos.<\/p>\n<p><strong>7. Productos LUIS PENALVA, SL.<\/strong><\/p>\n<p>Atenci\u00f3n: Los productos del Grupo Empresarial est\u00e1n disponibles en muchos lugares del mundo. Sin embargo, este lugar puede describir o representar productos que no est\u00e1n disponibles en su pa\u00eds en particular. Estas representaciones tienen s\u00f3lo un prop\u00f3sito informativo y no implican que dichos productos, marcas registradas o patentes est\u00e9n disponibles en su pa\u00eds. La informaci\u00f3n que LUIS PENALVA, SL. publica en la World Wide Web puede contener referencias o referencias cruzadas a Productos LUIS PENALVA, SL., programas y servicios que no se anuncian o no est\u00e1n disponibles en su pa\u00eds. Dichas referencias no implican que LUIS PENALVA, SL. tenga la intenci\u00f3n de anunciar dichos productos, programas o servicios en su pa\u00eds. Consulte a su representante LUIS PENALVA, SL. para m\u00e1s informaci\u00f3n sobre los productos, programas y servicios que pueden estar a su disposici\u00f3n.<\/p>\n<p><strong>8. Ley Aplicable \/ Jurisdicci\u00f3n<\/strong><\/p>\n<p>La utilizaci\u00f3n de este sitio web y la informaci\u00f3n contenida en el mismo, incluyendo enlaces a sitios web de terceros, como tambi\u00e9n los t\u00e9rminos y la siguiente pol\u00edtica de secreto de las informaciones est\u00e1n sujetas al derecho sustantivo de Espa\u00f1a, con excepci\u00f3n de la Convenci\u00f3n de las Naciones Unidas sobre la Venta Internacional de productos. El tribunal competente para cualquier disputa, controversia o reclamaci\u00f3n relativa a estos t\u00e9rminos o la utilizaci\u00f3n de este sitio web y la informaci\u00f3n contenida en el mismo ser\u00e1 el de Barcelona, Espa\u00f1a.<\/p>\n<\/div><div class=\"divider-wrapper\" style=\"visibility:hidden;background-color:\">\n    <div class=\"visible-xs\" style=\"height:24px;\"><\/div>\n    <div class=\"visible-sm\" style=\"height:28px;\"><\/div>\n    <div class=\"visible-md\" style=\"height:36px;\"><\/div>\n    <div class=\"visible-lg\" style=\"height:48px;\"><\/div>\n<\/div><\/div>        <\/div>\n    <\/div>\n<\/section>\n","protected":false},"excerpt":{"rendered":"Aviso legal La informaci\u00f3n suministrada a trav\u00e9s de esta web est\u00e1 basada en nuestra experiencia pr\u00e1ctica y pruebas de laboratorio. El consumidor, antes de usar cualquier producto debe cerciorarse de sus caracter\u00edsticas y comprobar la informaci\u00f3n m\u00e1s detallada que aparece en los envases. Pre\u00e1mbulo: Al utilizar este sitio, usted acepta los t\u00e9rminos de uso. Si","protected":false},"author":3,"featured_media":0,"parent":0,"menu_order":0,"comment_status":"closed","ping_status":"closed","template":"","meta":{"footnotes":""},"class_list":["post-3066","page","type-page","status-publish","hentry"],"_links":{"self":[{"href":"https:\/\/www.chiquilin.com\/en\/wp-json\/wp\/v2\/pages\/3066","targetHints":{"allow":["GET"]}}],"collection":[{"href":"https:\/\/www.chiquilin.com\/en\/wp-json\/wp\/v2\/pages"}],"about":[{"href":"https:\/\/www.chiquilin.com\/en\/wp-json\/wp\/v2\/types\/page"}],"author":[{"embeddable":true,"href":"https:\/\/www.chiquilin.com\/en\/wp-json\/wp\/v2\/users\/3"}],"replies":[{"embeddable":true,"href":"https:\/\/www.chiquilin.com\/en\/wp-json\/wp\/v2\/comments?post=3066"}],"version-history":[{"count":1,"href":"https:\/\/www.chiquilin.com\/en\/wp-json\/wp\/v2\/pages\/3066\/revisions"}],"predecessor-version":[{"id":3067,"href":"https:\/\/www.chiquilin.com\/en\/wp-json\/wp\/v2\/pages\/3066\/revisions\/3067"}],"wp:attachment":[{"href":"https:\/\/www.chiquilin.com\/en\/wp-json\/wp\/v2\/media?parent=3066"}],"curies":[{"name":"wp","href":"https:\/\/api.w.org\/{rel}","templated":true}]}}